{"id":1191,"date":"2026-01-09T14:14:45","date_gmt":"2026-01-09T17:14:45","guid":{"rendered":"https:\/\/afasteel.com.br\/loja\/produto\/placa-gesso-glasroc-x-br-125-x-1200-x-2400\/"},"modified":"2026-04-01T14:25:37","modified_gmt":"2026-04-01T17:25:37","slug":"placa-gesso-glasroc-x-br-125-x-1200-x-2400","status":"publish","type":"product","link":"https:\/\/afasteel.com.br\/loja\/produto\/placa-gesso-glasroc-x-br-125-x-1200-x-2400\/","title":{"rendered":"PLACA GESSO GLASROC X BR 12,5 x 1200 x 2400"},"content":{"rendered":"<p class=\"MsoNormal\"><strong>Ficha t\u00e9cnica<\/strong><\/p>\n<p class=\"MsoNormal\"><strong>Designa\u00e7\u00e3o conforme a norma:<\/strong>\u00a0ASTM C 1177<br \/>\n<strong>Espessura:<\/strong>\u00a012,5 mm<br \/>\n<strong>Largura:\u00a0<\/strong>1200 mm<br \/>\n<strong>Comprimento:<\/strong>\u00a0220 mm<br \/>\n<strong>Peso:\u00a0<\/strong>10,7 kg\/m2<br \/>\n<strong>Absor\u00e7\u00e3o total de \u00e1gua:<\/strong>\u00a0\u22643%<\/p>\n","protected":false},"excerpt":{"rendered":"<p class=\"MsoNormal\">A placa de gesso Glasroc 12,5 X 1200 X 2400mm \u00e9 perfeita para a\u00a0veda\u00e7\u00e3o externa\u00a0de v\u00e1rias constru\u00e7\u00f5es a seco, tamb\u00e9m\u00a0\u00e9 vers\u00e1til e f\u00e1cil de instalar, sendo compat\u00edvel com sistemas construtivos leves e feita com material resistente para maior durabilidade e qualidade da sua obra.<\/p>\n","protected":false},"featured_media":1190,"comment_status":"open","ping_status":"closed","template":"","meta":[],"product_brand":[],"product_cat":[18],"product_tag":[],"class_list":{"0":"post-1191","1":"product","2":"type-product","3":"status-publish","4":"has-post-thumbnail","6":"product_cat-acessorios-steel-frame","8":"first","9":"instock","10":"shipping-taxable","11":"purchasable","12":"product-type-simple"},"_links":{"self":[{"href":"https:\/\/afasteel.com.br\/loja\/wp-json\/wp\/v2\/product\/1191","targetHints":{"allow":["GET"]}}],"collection":[{"href":"https:\/\/afasteel.com.br\/loja\/wp-json\/wp\/v2\/product"}],"about":[{"href":"https:\/\/afasteel.com.br\/loja\/wp-json\/wp\/v2\/types\/product"}],"replies":[{"embeddable":true,"href":"https:\/\/afasteel.com.br\/loja\/wp-json\/wp\/v2\/comments?post=1191"}],"wp:featuredmedia":[{"embeddable":true,"href":"https:\/\/afasteel.com.br\/loja\/wp-json\/wp\/v2\/media\/1190"}],"wp:attachment":[{"href":"https:\/\/afasteel.com.br\/loja\/wp-json\/wp\/v2\/media?parent=1191"}],"wp:term":[{"taxonomy":"product_brand","embeddable":true,"href":"https:\/\/afasteel.com.br\/loja\/wp-json\/wp\/v2\/product_brand?post=1191"},{"taxonomy":"product_cat","embeddable":true,"href":"https:\/\/afasteel.com.br\/loja\/wp-json\/wp\/v2\/product_cat?post=1191"},{"taxonomy":"product_tag","embeddable":true,"href":"https:\/\/afasteel.com.br\/loja\/wp-json\/wp\/v2\/product_tag?post=1191"}],"curies":[{"name":"wp","href":"https:\/\/api.w.org\/{rel}","templated":true}]}}