{"id":1193,"date":"2026-01-09T14:15:13","date_gmt":"2026-01-09T17:15:13","guid":{"rendered":"https:\/\/afasteel.com.br\/loja\/produto\/placa-gesso-performa-br-125-x-1200-x-2400m\/"},"modified":"2026-04-01T14:36:37","modified_gmt":"2026-04-01T17:36:37","slug":"placa-gesso-performa-br-125-x-1200-x-2400m","status":"publish","type":"product","link":"https:\/\/afasteel.com.br\/loja\/produto\/placa-gesso-performa-br-125-x-1200-x-2400m\/","title":{"rendered":"PLACA GESSO PERFORMA BR 12,5 x 1200 x 2400M"},"content":{"rendered":"<p><strong>Ficha T\u00e9cnica:\u00a0<\/strong><\/p>\n<p><strong>Espessura:<\/strong>\u00a012,5 mm<br \/>\n<strong>Largura:<\/strong>\u00a01200 mm<br \/>\n<strong>Comprimento:<\/strong>\u00a01800 mm<br \/>\n<strong>Peso:<\/strong>\u00a012 kg (m\u00b2)<br \/>\n<strong>Caracer\u00edsticas:<\/strong>\u00a0cor amarela e bordas rebaixadas<br \/>\n<strong>Dureza superficial m\u00ednima:<\/strong>\u00a015 mm;<br \/>\nResist\u00eancia m\u00ednima \u00e0 ruptura de flex\u00e3o \u2013\u00a0<strong>longitudinal:<\/strong>\u00a0550 N;<\/p>\n<p>Resist\u00eancia m\u00ednima \u00e0 ruptura de flex\u00e3o \u2013\u00a0<strong>transversal:<\/strong>\u00a0210 N.<\/p>\n<p>Fabricante: PLACO<\/p>\n","protected":false},"excerpt":{"rendered":"<p>A Placa de Gesso Performa \u00e9 uma solu\u00e7\u00e3o avan\u00e7ada em drywall, especialmente projetada para paredes divis\u00f3rias que exigem um desempenho ac\u00fastico superior, resist\u00eancia a impactos e suporte para fixa\u00e7\u00e3o de cargas.<\/p>\n","protected":false},"featured_media":1192,"comment_status":"open","ping_status":"closed","template":"","meta":[],"product_brand":[],"product_cat":[18],"product_tag":[],"class_list":{"0":"post-1193","1":"product","2":"type-product","3":"status-publish","4":"has-post-thumbnail","6":"product_cat-acessorios-steel-frame","8":"first","9":"outofstock","10":"shipping-taxable","11":"purchasable","12":"product-type-simple"},"_links":{"self":[{"href":"https:\/\/afasteel.com.br\/loja\/wp-json\/wp\/v2\/product\/1193","targetHints":{"allow":["GET"]}}],"collection":[{"href":"https:\/\/afasteel.com.br\/loja\/wp-json\/wp\/v2\/product"}],"about":[{"href":"https:\/\/afasteel.com.br\/loja\/wp-json\/wp\/v2\/types\/product"}],"replies":[{"embeddable":true,"href":"https:\/\/afasteel.com.br\/loja\/wp-json\/wp\/v2\/comments?post=1193"}],"wp:featuredmedia":[{"embeddable":true,"href":"https:\/\/afasteel.com.br\/loja\/wp-json\/wp\/v2\/media\/1192"}],"wp:attachment":[{"href":"https:\/\/afasteel.com.br\/loja\/wp-json\/wp\/v2\/media?parent=1193"}],"wp:term":[{"taxonomy":"product_brand","embeddable":true,"href":"https:\/\/afasteel.com.br\/loja\/wp-json\/wp\/v2\/product_brand?post=1193"},{"taxonomy":"product_cat","embeddable":true,"href":"https:\/\/afasteel.com.br\/loja\/wp-json\/wp\/v2\/product_cat?post=1193"},{"taxonomy":"product_tag","embeddable":true,"href":"https:\/\/afasteel.com.br\/loja\/wp-json\/wp\/v2\/product_tag?post=1193"}],"curies":[{"name":"wp","href":"https:\/\/api.w.org\/{rel}","templated":true}]}}