{"id":1197,"date":"2026-01-09T14:16:12","date_gmt":"2026-01-09T17:16:12","guid":{"rendered":"https:\/\/afasteel.com.br\/loja\/produto\/placa-gesso-st-br-125-x-1200-x-2400-mm\/"},"modified":"2026-04-01T14:23:23","modified_gmt":"2026-04-01T17:23:23","slug":"placa-gesso-st-br-125-x-1200-x-2400-mm","status":"publish","type":"product","link":"https:\/\/afasteel.com.br\/loja\/produto\/placa-gesso-st-br-125-x-1200-x-2400-mm\/","title":{"rendered":"PLACA GESSO ST BR 12,5 x 1200 x 2400 MM"},"content":{"rendered":"<p><strong>Ficha T\u00e9cnica:<\/strong><\/p>\n<p>\u00a0<\/p>\n<p><strong>Espessura:<\/strong>\u00a012,5<br \/><strong>Largura:<\/strong>\u00a01200 mm<br \/><strong>Comprimento:<\/strong>\u00a02400 mm<br \/><strong>Peso (m\u00b2):<\/strong>\u00a08.2<br \/>Resist\u00eancia m\u00ednima \u00e0 ruptura na flex\u00e3o (N):\u00a0<strong>Longitudinal<\/strong>\u00a0550<br \/>Resist\u00eancia m\u00ednima \u00e0 ruptura na flex\u00e3o (N):\u00a0<strong>Transversal<\/strong>\u00a0210<\/p>\n<p><strong>Dureza superficia<\/strong>l pelo di\u00e2metro (mm):\u00a020<\/p>\n","protected":false},"excerpt":{"rendered":"<p>A placa de gesso acartonado ST, ou placa de drywall, \u00e9 utilizada em forros e paredes divis\u00f3rias, independentemente do sistema construtivo.<\/p>\n<p>\u00a0<\/p>\n","protected":false},"featured_media":1201,"comment_status":"open","ping_status":"closed","template":"","meta":[],"product_brand":[],"product_cat":[18],"product_tag":[],"class_list":{"0":"post-1197","1":"product","2":"type-product","3":"status-publish","4":"has-post-thumbnail","6":"product_cat-acessorios-steel-frame","8":"first","9":"outofstock","10":"shipping-taxable","11":"purchasable","12":"product-type-simple"},"_links":{"self":[{"href":"https:\/\/afasteel.com.br\/loja\/wp-json\/wp\/v2\/product\/1197","targetHints":{"allow":["GET"]}}],"collection":[{"href":"https:\/\/afasteel.com.br\/loja\/wp-json\/wp\/v2\/product"}],"about":[{"href":"https:\/\/afasteel.com.br\/loja\/wp-json\/wp\/v2\/types\/product"}],"replies":[{"embeddable":true,"href":"https:\/\/afasteel.com.br\/loja\/wp-json\/wp\/v2\/comments?post=1197"}],"wp:featuredmedia":[{"embeddable":true,"href":"https:\/\/afasteel.com.br\/loja\/wp-json\/wp\/v2\/media\/1201"}],"wp:attachment":[{"href":"https:\/\/afasteel.com.br\/loja\/wp-json\/wp\/v2\/media?parent=1197"}],"wp:term":[{"taxonomy":"product_brand","embeddable":true,"href":"https:\/\/afasteel.com.br\/loja\/wp-json\/wp\/v2\/product_brand?post=1197"},{"taxonomy":"product_cat","embeddable":true,"href":"https:\/\/afasteel.com.br\/loja\/wp-json\/wp\/v2\/product_cat?post=1197"},{"taxonomy":"product_tag","embeddable":true,"href":"https:\/\/afasteel.com.br\/loja\/wp-json\/wp\/v2\/product_tag?post=1197"}],"curies":[{"name":"wp","href":"https:\/\/api.w.org\/{rel}","templated":true}]}}