{"id":1264,"date":"2026-03-12T16:00:26","date_gmt":"2026-03-12T19:00:26","guid":{"rendered":"https:\/\/afasteel.com.br\/loja\/produto\/modulo-afa-r00\/"},"modified":"2026-04-10T16:32:31","modified_gmt":"2026-04-10T19:32:31","slug":"modulo-afa-r00","status":"publish","type":"product","link":"https:\/\/afasteel.com.br\/loja\/produto\/modulo-afa-r00\/","title":{"rendered":"M\u00f3dulo AFA R00"},"content":{"rendered":"","protected":false},"excerpt":{"rendered":"<p>M\u00f3dulo AFA R00<\/p>\n<p>Material: A\u00e7o Galvanizado resistente a fogo (Z275)<\/p>\n<p>Prote\u00e7\u00e3o Anti-Corros\u00e3o<\/p>\n<p>Modular e Expans\u00edvel<\/p>\n<p>F\u00e1cil Montagem<\/p>\n","protected":false},"featured_media":1263,"comment_status":"open","ping_status":"closed","template":"","meta":[],"product_brand":[],"product_cat":[26],"product_tag":[],"class_list":{"0":"post-1264","1":"product","2":"type-product","3":"status-publish","4":"has-post-thumbnail","6":"product_cat-conteineres-afa","8":"first","9":"outofstock","10":"shipping-taxable","11":"purchasable","12":"product-type-simple"},"_links":{"self":[{"href":"https:\/\/afasteel.com.br\/loja\/wp-json\/wp\/v2\/product\/1264","targetHints":{"allow":["GET"]}}],"collection":[{"href":"https:\/\/afasteel.com.br\/loja\/wp-json\/wp\/v2\/product"}],"about":[{"href":"https:\/\/afasteel.com.br\/loja\/wp-json\/wp\/v2\/types\/product"}],"replies":[{"embeddable":true,"href":"https:\/\/afasteel.com.br\/loja\/wp-json\/wp\/v2\/comments?post=1264"}],"wp:featuredmedia":[{"embeddable":true,"href":"https:\/\/afasteel.com.br\/loja\/wp-json\/wp\/v2\/media\/1263"}],"wp:attachment":[{"href":"https:\/\/afasteel.com.br\/loja\/wp-json\/wp\/v2\/media?parent=1264"}],"wp:term":[{"taxonomy":"product_brand","embeddable":true,"href":"https:\/\/afasteel.com.br\/loja\/wp-json\/wp\/v2\/product_brand?post=1264"},{"taxonomy":"product_cat","embeddable":true,"href":"https:\/\/afasteel.com.br\/loja\/wp-json\/wp\/v2\/product_cat?post=1264"},{"taxonomy":"product_tag","embeddable":true,"href":"https:\/\/afasteel.com.br\/loja\/wp-json\/wp\/v2\/product_tag?post=1264"}],"curies":[{"name":"wp","href":"https:\/\/api.w.org\/{rel}","templated":true}]}}