{"id":1297,"date":"2026-04-02T16:26:17","date_gmt":"2026-04-02T19:26:17","guid":{"rendered":"https:\/\/afasteel.com.br\/loja\/produto\/ancorador-ligth-steel-frame-3-mm-189x49x49-mm\/"},"modified":"2026-04-06T11:22:19","modified_gmt":"2026-04-06T14:22:19","slug":"ancorador-ligth-steel-frame-3-mm-189x49x49-mm","status":"publish","type":"product","link":"https:\/\/afasteel.com.br\/loja\/produto\/ancorador-ligth-steel-frame-3-mm-189x49x49-mm\/","title":{"rendered":"Ancorador Ligth Steel Frame 3 MM 189x49x49 MM"},"content":{"rendered":"<p data-start=\"0\" data-end=\"168\">O <strong>Ancorador Light Steel Frame<\/strong> \u00e9 um componente essencial para esse sistema construtivo. Ele garante mais resist\u00eancia, seguran\u00e7a e durabilidade \u00e0s estruturas de a\u00e7o leve.<\/p>\n<p data-start=\"170\" data-end=\"387\" data-is-last-node=\"\" data-is-only-node=\"\">Com dimens\u00f5es de <strong>189 x 49 x 49 mm<\/strong> e espessura de <strong>3 mm<\/strong>, oferece um suporte firme e confi\u00e1vel. Fabricado com materiais de alta qualidade, \u00e9 capaz de suportar as cargas e tens\u00f5es da estrutura, garantindo uma base s\u00f3lida.<\/p>\n","protected":false},"excerpt":{"rendered":"<p>O Ancorador Light Steel Frame \u00e9 um componente essencial para esse sistema construtivo. Ele garante mais resist\u00eancia, seguran\u00e7a e durabilidade \u00e0s estruturas de a\u00e7o leve. Com dimens\u00f5es de 189 x&#8230;<\/p>\n","protected":false},"featured_media":1296,"comment_status":"open","ping_status":"closed","template":"","meta":[],"product_brand":[],"product_cat":[18],"product_tag":[],"class_list":{"0":"post-1297","1":"product","2":"type-product","3":"status-publish","4":"has-post-thumbnail","6":"product_cat-acessorios-steel-frame","8":"first","9":"onbackorder","10":"shipping-taxable","11":"purchasable","12":"product-type-simple"},"_links":{"self":[{"href":"https:\/\/afasteel.com.br\/loja\/wp-json\/wp\/v2\/product\/1297","targetHints":{"allow":["GET"]}}],"collection":[{"href":"https:\/\/afasteel.com.br\/loja\/wp-json\/wp\/v2\/product"}],"about":[{"href":"https:\/\/afasteel.com.br\/loja\/wp-json\/wp\/v2\/types\/product"}],"replies":[{"embeddable":true,"href":"https:\/\/afasteel.com.br\/loja\/wp-json\/wp\/v2\/comments?post=1297"}],"wp:featuredmedia":[{"embeddable":true,"href":"https:\/\/afasteel.com.br\/loja\/wp-json\/wp\/v2\/media\/1296"}],"wp:attachment":[{"href":"https:\/\/afasteel.com.br\/loja\/wp-json\/wp\/v2\/media?parent=1297"}],"wp:term":[{"taxonomy":"product_brand","embeddable":true,"href":"https:\/\/afasteel.com.br\/loja\/wp-json\/wp\/v2\/product_brand?post=1297"},{"taxonomy":"product_cat","embeddable":true,"href":"https:\/\/afasteel.com.br\/loja\/wp-json\/wp\/v2\/product_cat?post=1297"},{"taxonomy":"product_tag","embeddable":true,"href":"https:\/\/afasteel.com.br\/loja\/wp-json\/wp\/v2\/product_tag?post=1297"}],"curies":[{"name":"wp","href":"https:\/\/api.w.org\/{rel}","templated":true}]}}