{"id":1299,"date":"2026-04-02T16:28:36","date_gmt":"2026-04-02T19:28:36","guid":{"rendered":"https:\/\/afasteel.com.br\/loja\/produto\/kit-tensionador-40-mm-cantoneira-parafuso-porca-e-arruela\/"},"modified":"2026-04-06T11:22:28","modified_gmt":"2026-04-06T14:22:28","slug":"kit-tensionador-40-mm-cantoneira-parafuso-porca-e-arruela","status":"publish","type":"product","link":"https:\/\/afasteel.com.br\/loja\/produto\/kit-tensionador-40-mm-cantoneira-parafuso-porca-e-arruela\/","title":{"rendered":"Kit Tensionador 40 MM (Cantoneira, Parafuso, Porca E Arruela)"},"content":{"rendered":"<p data-start=\"0\" data-end=\"148\">O <strong>Kit Tensionador<\/strong> para Fita de Contraventamento \u00e9 composto por pe\u00e7as de alta qualidade e durabilidade, desenvolvidas para suportar for\u00e7as de tra\u00e7\u00e3o.<\/p>\n<p data-start=\"150\" data-end=\"315\" data-is-last-node=\"\" data-is-only-node=\"\">O conjunto inclui cantoneira, parafuso, porca e arruela, garantindo um sistema completo, resistente e confi\u00e1vel para o tensionamento e fixa\u00e7\u00e3o adequada da estrutura.<\/p>\n","protected":false},"excerpt":{"rendered":"<p>O Kit Tensionador para Fita de Contraventamento \u00e9 composto por pe\u00e7as de alta qualidade e durabilidade, desenvolvidas para suportar for\u00e7as de tra\u00e7\u00e3o. O conjunto inclui cantoneira, parafuso, porca e arruela,&#8230;<\/p>\n","protected":false},"featured_media":1298,"comment_status":"open","ping_status":"closed","template":"","meta":[],"product_brand":[],"product_cat":[18],"product_tag":[],"class_list":{"0":"post-1299","1":"product","2":"type-product","3":"status-publish","4":"has-post-thumbnail","6":"product_cat-acessorios-steel-frame","8":"first","9":"onbackorder","10":"shipping-taxable","11":"purchasable","12":"product-type-simple"},"_links":{"self":[{"href":"https:\/\/afasteel.com.br\/loja\/wp-json\/wp\/v2\/product\/1299","targetHints":{"allow":["GET"]}}],"collection":[{"href":"https:\/\/afasteel.com.br\/loja\/wp-json\/wp\/v2\/product"}],"about":[{"href":"https:\/\/afasteel.com.br\/loja\/wp-json\/wp\/v2\/types\/product"}],"replies":[{"embeddable":true,"href":"https:\/\/afasteel.com.br\/loja\/wp-json\/wp\/v2\/comments?post=1299"}],"wp:featuredmedia":[{"embeddable":true,"href":"https:\/\/afasteel.com.br\/loja\/wp-json\/wp\/v2\/media\/1298"}],"wp:attachment":[{"href":"https:\/\/afasteel.com.br\/loja\/wp-json\/wp\/v2\/media?parent=1299"}],"wp:term":[{"taxonomy":"product_brand","embeddable":true,"href":"https:\/\/afasteel.com.br\/loja\/wp-json\/wp\/v2\/product_brand?post=1299"},{"taxonomy":"product_cat","embeddable":true,"href":"https:\/\/afasteel.com.br\/loja\/wp-json\/wp\/v2\/product_cat?post=1299"},{"taxonomy":"product_tag","embeddable":true,"href":"https:\/\/afasteel.com.br\/loja\/wp-json\/wp\/v2\/product_tag?post=1299"}],"curies":[{"name":"wp","href":"https:\/\/api.w.org\/{rel}","templated":true}]}}