{"id":1301,"date":"2026-04-02T16:30:31","date_gmt":"2026-04-02T19:30:31","guid":{"rendered":"https:\/\/afasteel.com.br\/loja\/produto\/cantoneira-light-steel-frame-200x65x89x65mm\/"},"modified":"2026-04-06T11:22:39","modified_gmt":"2026-04-06T14:22:39","slug":"cantoneira-light-steel-frame-200x65x89x65mm","status":"publish","type":"product","link":"https:\/\/afasteel.com.br\/loja\/produto\/cantoneira-light-steel-frame-200x65x89x65mm\/","title":{"rendered":"Cantoneira Light Steel Frame 2,00x65x89x65mm"},"content":{"rendered":"<p data-start=\"0\" data-end=\"182\">As <strong>Cantoneiras<\/strong> <strong>Light Steel Frame<\/strong> s\u00e3o fabricadas em a\u00e7o galvanizado com revestimento de zinco\/alum\u00ednio, garantindo alta durabilidade e resist\u00eancia para uso estrutural conforme especifica\u00e7\u00e3o em projeto.<\/p>\n<p data-start=\"184\" data-end=\"331\" data-is-last-node=\"\" data-is-only-node=\"\">S\u00e3o indicadas para aplica\u00e7\u00f5es em coberturas, barrac\u00f5es e fechamentos, atendendo \u00e0s exig\u00eancias do projeto estrutural com seguran\u00e7a e confiabilidade.<\/p>\n","protected":false},"excerpt":{"rendered":"<p>As Cantoneiras Light Steel Frame s\u00e3o fabricadas em a\u00e7o galvanizado com revestimento de zinco\/alum\u00ednio, garantindo alta durabilidade e resist\u00eancia para uso estrutural conforme especifica\u00e7\u00e3o em projeto. S\u00e3o indicadas para aplica\u00e7\u00f5es&#8230;<\/p>\n","protected":false},"featured_media":1300,"comment_status":"open","ping_status":"closed","template":"","meta":[],"product_brand":[],"product_cat":[18],"product_tag":[],"class_list":{"0":"post-1301","1":"product","2":"type-product","3":"status-publish","4":"has-post-thumbnail","6":"product_cat-acessorios-steel-frame","8":"first","9":"onbackorder","10":"shipping-taxable","11":"purchasable","12":"product-type-simple"},"_links":{"self":[{"href":"https:\/\/afasteel.com.br\/loja\/wp-json\/wp\/v2\/product\/1301","targetHints":{"allow":["GET"]}}],"collection":[{"href":"https:\/\/afasteel.com.br\/loja\/wp-json\/wp\/v2\/product"}],"about":[{"href":"https:\/\/afasteel.com.br\/loja\/wp-json\/wp\/v2\/types\/product"}],"replies":[{"embeddable":true,"href":"https:\/\/afasteel.com.br\/loja\/wp-json\/wp\/v2\/comments?post=1301"}],"wp:featuredmedia":[{"embeddable":true,"href":"https:\/\/afasteel.com.br\/loja\/wp-json\/wp\/v2\/media\/1300"}],"wp:attachment":[{"href":"https:\/\/afasteel.com.br\/loja\/wp-json\/wp\/v2\/media?parent=1301"}],"wp:term":[{"taxonomy":"product_brand","embeddable":true,"href":"https:\/\/afasteel.com.br\/loja\/wp-json\/wp\/v2\/product_brand?post=1301"},{"taxonomy":"product_cat","embeddable":true,"href":"https:\/\/afasteel.com.br\/loja\/wp-json\/wp\/v2\/product_cat?post=1301"},{"taxonomy":"product_tag","embeddable":true,"href":"https:\/\/afasteel.com.br\/loja\/wp-json\/wp\/v2\/product_tag?post=1301"}],"curies":[{"name":"wp","href":"https:\/\/api.w.org\/{rel}","templated":true}]}}