{"id":1303,"date":"2026-04-02T16:32:35","date_gmt":"2026-04-02T19:32:35","guid":{"rendered":"https:\/\/afasteel.com.br\/loja\/produto\/fita-de-contraventamento-40x080x15000-mm-230-mpa\/"},"modified":"2026-04-06T11:23:26","modified_gmt":"2026-04-06T14:23:26","slug":"fita-de-contraventamento-40x080x15000-mm-230-mpa","status":"publish","type":"product","link":"https:\/\/afasteel.com.br\/loja\/produto\/fita-de-contraventamento-40x080x15000-mm-230-mpa\/","title":{"rendered":"Fita de Contraventamento 40&#215;0,80&#215;15000 MM 230 MPA"},"content":{"rendered":"<p><strong>Fita para contraventamento<\/strong> de estruturas em Steel Frame. Essencial para garantir que o painel suporte for\u00e7as atuantes em seu pr\u00f3prio plano, a fita \u00e9 fabricada em chapa dimensionada, proporcionando maior estabilidade e rigidez ao sistema estrutural.<\/p>\n","protected":false},"excerpt":{"rendered":"<p>Fita para contraventamento de estruturas em Steel Frame. Essencial para garantir que o painel suporte for\u00e7as atuantes em seu pr\u00f3prio plano, a fita \u00e9 fabricada em chapa dimensionada, proporcionando maior&#8230;<\/p>\n","protected":false},"featured_media":1302,"comment_status":"open","ping_status":"closed","template":"","meta":[],"product_brand":[],"product_cat":[18],"product_tag":[],"class_list":{"0":"post-1303","1":"product","2":"type-product","3":"status-publish","4":"has-post-thumbnail","6":"product_cat-acessorios-steel-frame","8":"first","9":"onbackorder","10":"shipping-taxable","11":"purchasable","12":"product-type-simple"},"_links":{"self":[{"href":"https:\/\/afasteel.com.br\/loja\/wp-json\/wp\/v2\/product\/1303","targetHints":{"allow":["GET"]}}],"collection":[{"href":"https:\/\/afasteel.com.br\/loja\/wp-json\/wp\/v2\/product"}],"about":[{"href":"https:\/\/afasteel.com.br\/loja\/wp-json\/wp\/v2\/types\/product"}],"replies":[{"embeddable":true,"href":"https:\/\/afasteel.com.br\/loja\/wp-json\/wp\/v2\/comments?post=1303"}],"wp:featuredmedia":[{"embeddable":true,"href":"https:\/\/afasteel.com.br\/loja\/wp-json\/wp\/v2\/media\/1302"}],"wp:attachment":[{"href":"https:\/\/afasteel.com.br\/loja\/wp-json\/wp\/v2\/media?parent=1303"}],"wp:term":[{"taxonomy":"product_brand","embeddable":true,"href":"https:\/\/afasteel.com.br\/loja\/wp-json\/wp\/v2\/product_brand?post=1303"},{"taxonomy":"product_cat","embeddable":true,"href":"https:\/\/afasteel.com.br\/loja\/wp-json\/wp\/v2\/product_cat?post=1303"},{"taxonomy":"product_tag","embeddable":true,"href":"https:\/\/afasteel.com.br\/loja\/wp-json\/wp\/v2\/product_tag?post=1303"}],"curies":[{"name":"wp","href":"https:\/\/api.w.org\/{rel}","templated":true}]}}