{"id":1305,"date":"2026-04-02T16:34:20","date_gmt":"2026-04-02T19:34:20","guid":{"rendered":"https:\/\/afasteel.com.br\/loja\/produto\/fita-contraventamento-40x095x15000-mm-230mpa\/"},"modified":"2026-04-06T11:23:34","modified_gmt":"2026-04-06T14:23:34","slug":"fita-contraventamento-40x095x15000-mm-230mpa","status":"publish","type":"product","link":"https:\/\/afasteel.com.br\/loja\/produto\/fita-contraventamento-40x095x15000-mm-230mpa\/","title":{"rendered":"Fita Contraventamento 40&#215;0,95&#215;15000 MM 230MPA"},"content":{"rendered":"<p data-start=\"0\" data-end=\"160\">As <strong>Fitas de Contraventamento<\/strong> s\u00e3o uma solu\u00e7\u00e3o de alta resist\u00eancia e durabilidade, desenvolvidas para refor\u00e7ar e estabilizar estruturas com efici\u00eancia e precis\u00e3o.<\/p>\n<p data-start=\"162\" data-end=\"383\">Com largura e espessura adequadas, oferecem suporte confi\u00e1vel em diversas aplica\u00e7\u00f5es. Fabricadas com materiais de alta qualidade e submetidas a rigorosos testes, garantem excelente desempenho mesmo em condi\u00e7\u00f5es exigentes.<\/p>\n<p data-start=\"385\" data-end=\"631\" data-is-last-node=\"\" data-is-only-node=\"\">Com resist\u00eancia \u00e0 tra\u00e7\u00e3o de 230 MPa, proporcionam elevada capacidade de refor\u00e7o estrutural. Al\u00e9m disso, foram projetadas para uma instala\u00e7\u00e3o simples e pr\u00e1tica, sendo ideais para o contraventamento de vigas, pilares e outros elementos estruturais.<\/p>\n","protected":false},"excerpt":{"rendered":"<p>As Fitas de Contraventamento s\u00e3o uma solu\u00e7\u00e3o de alta resist\u00eancia e durabilidade, desenvolvidas para refor\u00e7ar e estabilizar estruturas com efici\u00eancia e precis\u00e3o. Com largura e espessura adequadas, oferecem suporte confi\u00e1vel&#8230;<\/p>\n","protected":false},"featured_media":1304,"comment_status":"open","ping_status":"closed","template":"","meta":[],"product_brand":[],"product_cat":[18],"product_tag":[],"class_list":{"0":"post-1305","1":"product","2":"type-product","3":"status-publish","4":"has-post-thumbnail","6":"product_cat-acessorios-steel-frame","8":"first","9":"onbackorder","10":"shipping-taxable","11":"purchasable","12":"product-type-simple"},"_links":{"self":[{"href":"https:\/\/afasteel.com.br\/loja\/wp-json\/wp\/v2\/product\/1305","targetHints":{"allow":["GET"]}}],"collection":[{"href":"https:\/\/afasteel.com.br\/loja\/wp-json\/wp\/v2\/product"}],"about":[{"href":"https:\/\/afasteel.com.br\/loja\/wp-json\/wp\/v2\/types\/product"}],"replies":[{"embeddable":true,"href":"https:\/\/afasteel.com.br\/loja\/wp-json\/wp\/v2\/comments?post=1305"}],"wp:featuredmedia":[{"embeddable":true,"href":"https:\/\/afasteel.com.br\/loja\/wp-json\/wp\/v2\/media\/1304"}],"wp:attachment":[{"href":"https:\/\/afasteel.com.br\/loja\/wp-json\/wp\/v2\/media?parent=1305"}],"wp:term":[{"taxonomy":"product_brand","embeddable":true,"href":"https:\/\/afasteel.com.br\/loja\/wp-json\/wp\/v2\/product_brand?post=1305"},{"taxonomy":"product_cat","embeddable":true,"href":"https:\/\/afasteel.com.br\/loja\/wp-json\/wp\/v2\/product_cat?post=1305"},{"taxonomy":"product_tag","embeddable":true,"href":"https:\/\/afasteel.com.br\/loja\/wp-json\/wp\/v2\/product_tag?post=1305"}],"curies":[{"name":"wp","href":"https:\/\/api.w.org\/{rel}","templated":true}]}}