{"id":1608,"date":"2026-04-08T09:10:33","date_gmt":"2026-04-08T12:10:33","guid":{"rendered":"https:\/\/afasteel.com.br\/loja\/produto\/montante-light-steel-frame-75w-alma-75mm-x-mesa-41mm-x-comprimento-6000mm\/"},"modified":"2026-04-08T09:27:04","modified_gmt":"2026-04-08T12:27:04","slug":"montante-light-steel-frame-75w-alma-75mm-x-mesa-41mm-x-comprimento-6000mm","status":"publish","type":"product","link":"https:\/\/afasteel.com.br\/loja\/produto\/montante-light-steel-frame-75w-alma-75mm-x-mesa-41mm-x-comprimento-6000mm\/","title":{"rendered":"Montante Light Steel Frame 75W (Alma: 75mm x Mesa: 41mm x Comprimento: 6000mm)"},"content":{"rendered":"<p><strong>Mais qualidade, seguran\u00e7a e durabilidade para a sua obra. Padr\u00e3o de excel\u00eancia AFA.<\/strong><br \/>O perfil montante Light Steel Frame 75W da AFASTEEL BRASIL \u00e9 a escolha ideal para quem busca resist\u00eancia, estabilidade e agilidade na constru\u00e7\u00e3o. Fabricado com a\u00e7o galvanizado de alta qualidade, esse perfil estrutural \u00e9 essencial para o suporte vertical de paredes e componentes estruturais, garantindo a integridade da obra em sistemas a seco.<\/p>\n<p><strong>Material de alta performance:<\/strong>\u00a0produzido com a\u00e7o galvanizado revestido com zinco, oferece maior prote\u00e7\u00e3o contra corros\u00e3o, al\u00e9m de leveza e durabilidade superiores.<br \/><strong>Seguran\u00e7a e precis\u00e3o:<\/strong>\u00a0desenvolvido com rigoroso controle de qualidade, o montante assegura uma estrutura confi\u00e1vel e segura para edifica\u00e7\u00f5es residenciais, comerciais e industriais.<br \/><strong>Instala\u00e7\u00e3o facilitada:<\/strong>\u00a0f\u00e1cil de manusear e instalar, o perfil se adapta perfeitamente a projetos de reformas, amplia\u00e7\u00f5es, novas constru\u00e7\u00f5es e projetos personalizados, otimizando o tempo da obra.<br \/><strong>Rigoroso controle de qualidade:<\/strong>\u00a0Atende \u00e0 NORMA ABNT NBR 16970. Tamb\u00e9m oferecemos personaliza\u00e7\u00e3o de medidas, de acordo com a necessidade do seu projeto.<\/p>\n<hr \/>\n<p><strong>Por que escolher a AFASTEEL BRASIL?<\/strong><br \/>Garantimos padr\u00f5es rigorosos de qualidade e acabamento em todos os nossos perfis de a\u00e7o. Nosso compromisso \u00e9 com a efici\u00eancia, a seguran\u00e7a e a durabilidade das estruturas que utilizam nossos produtos. Invista em um material confi\u00e1vel e com desempenho comprovado.<\/p>\n<p><strong>AFASTEEL BRASIL \u2013 Solu\u00e7\u00f5es inteligentes que constroem um futuro sustent\u00e1vel.<\/strong><\/p>\n","protected":false},"excerpt":{"rendered":"<p><strong>FICHA T\u00c9CNICA<\/strong><br \/><strong>Alma:<\/strong>\u00a075mm<br \/><strong>Mesa:<\/strong>\u00a041mm<br \/><strong>Enrijecedor:<\/strong>\u00a013mm<br \/><strong>Comprimento:<\/strong>\u00a06.000mm<br \/><strong>Galvaniza\u00e7\u00e3o:<\/strong>\u00a0275g\/m\u00b2<br \/><strong>Resist\u00eancia \/ Limite de escoamento:<\/strong>\u00a0230 MPA<\/p>\n<p><strong>Precisa de medidas personalizadas? Entre em contato. Produzimos em qualquer tamanho.<\/strong><\/p>\n","protected":false},"featured_media":1606,"comment_status":"open","ping_status":"closed","template":"","meta":[],"product_brand":[],"product_cat":[19],"product_tag":[],"class_list":{"0":"post-1608","1":"product","2":"type-product","3":"status-publish","4":"has-post-thumbnail","6":"product_cat-perfil-de-steel-frame","8":"first","9":"onbackorder","10":"shipping-taxable","11":"purchasable","12":"product-type-variable"},"_links":{"self":[{"href":"https:\/\/afasteel.com.br\/loja\/wp-json\/wp\/v2\/product\/1608","targetHints":{"allow":["GET"]}}],"collection":[{"href":"https:\/\/afasteel.com.br\/loja\/wp-json\/wp\/v2\/product"}],"about":[{"href":"https:\/\/afasteel.com.br\/loja\/wp-json\/wp\/v2\/types\/product"}],"replies":[{"embeddable":true,"href":"https:\/\/afasteel.com.br\/loja\/wp-json\/wp\/v2\/comments?post=1608"}],"wp:featuredmedia":[{"embeddable":true,"href":"https:\/\/afasteel.com.br\/loja\/wp-json\/wp\/v2\/media\/1606"}],"wp:attachment":[{"href":"https:\/\/afasteel.com.br\/loja\/wp-json\/wp\/v2\/media?parent=1608"}],"wp:term":[{"taxonomy":"product_brand","embeddable":true,"href":"https:\/\/afasteel.com.br\/loja\/wp-json\/wp\/v2\/product_brand?post=1608"},{"taxonomy":"product_cat","embeddable":true,"href":"https:\/\/afasteel.com.br\/loja\/wp-json\/wp\/v2\/product_cat?post=1608"},{"taxonomy":"product_tag","embeddable":true,"href":"https:\/\/afasteel.com.br\/loja\/wp-json\/wp\/v2\/product_tag?post=1608"}],"curies":[{"name":"wp","href":"https:\/\/api.w.org\/{rel}","templated":true}]}}