{"id":482,"date":"2025-08-18T12:06:09","date_gmt":"2025-08-18T15:06:09","guid":{"rendered":"https:\/\/afasteel.com.br\/loja\/produto\/kit-parklet-afa-le-230mpa-z275-g-m%c2%b2-2\/"},"modified":"2026-04-08T13:49:20","modified_gmt":"2026-04-08T16:49:20","slug":"kit-parklet-afa-le-230mpa-z275-g-m%c2%b2-2","status":"publish","type":"product","link":"https:\/\/afasteel.com.br\/loja\/produto\/kit-parklet-afa-le-230mpa-z275-g-m%c2%b2-2\/","title":{"rendered":"KIT Parklet AFA LE 230MPa &#8211; z275 g\/m\u00b2"},"content":{"rendered":"<p data-start=\"155\" data-end=\"539\"><strong data-start=\"155\" data-end=\"250\">Mais qualidade, seguran\u00e7a e durabilidade para os espa\u00e7os urbanos. Padr\u00e3o de excel\u00eancia AFA.<\/strong><br data-start=\"250\" data-end=\"253\" \/>O <strong data-start=\"255\" data-end=\"282\">Parklet AFASTEEL BRASIL<\/strong> \u00e9 a escolha ideal para transformar vagas de estacionamento em \u00e1reas de conviv\u00eancia modernas e funcionais. Produzido com a\u00e7o galvanizado de alta qualidade, une resist\u00eancia, design e conforto para criar ambientes convidativos em cal\u00e7adas e centros urbanos.<\/p>\n<ul data-start=\"541\" data-end=\"1005\">\n<li data-start=\"541\" data-end=\"688\">\n<p data-start=\"543\" data-end=\"688\"><strong data-start=\"543\" data-end=\"576\">Material de alta performance:<\/strong> fabricado em a\u00e7o galvanizado revestido com zinco, garantindo durabilidade, leveza e prote\u00e7\u00e3o contra corros\u00e3o.<\/p>\n<\/li>\n<li data-start=\"689\" data-end=\"831\">\n<p data-start=\"691\" data-end=\"831\"><strong data-start=\"691\" data-end=\"716\">Seguran\u00e7a e conforto:<\/strong> projetado com rigoroso controle de qualidade, oferece estabilidade, acessibilidade e seguran\u00e7a para os usu\u00e1rios.<\/p>\n<\/li>\n<li data-start=\"832\" data-end=\"1005\">\n<p data-start=\"834\" data-end=\"1005\"><strong data-start=\"834\" data-end=\"857\">Instala\u00e7\u00e3o pr\u00e1tica:<\/strong> f\u00e1cil de montar e adaptar, pode ser personalizado conforme a necessidade do seu projeto, atendendo espa\u00e7os comerciais, institucionais e p\u00fablicos.<\/p>\n<\/li>\n<\/ul>\n<hr style=\"font-family: 'Anek Latin'; font-size: 16px;\" \/>\n<p style=\"padding: 0px 0px 1.5em; border: 0px; font-size: 16px; line-height: inherit; font-family: 'Anek Latin'; vertical-align: baseline;\"><span style=\"margin: 0px; padding: 0px; border: 0px; font-style: inherit; font-variant: inherit; font-weight: bold; font-size: inherit; line-height: inherit; font-family: 'Work Sans'; vertical-align: baseline;\">Por que escolher a AFASTEEL BRASIL?<\/span><br \/>\nGarantimos padr\u00f5es rigorosos de qualidade e acabamento em todos os nossos perfis de a\u00e7o. Nosso compromisso \u00e9 com a efici\u00eancia, a seguran\u00e7a e a durabilidade das estruturas que utilizam nossos produtos. Invista em um material confi\u00e1vel e com desempenho comprovado.<\/p>\n<p style=\"padding: 0px; border: 0px; font-size: 16px; line-height: inherit; font-family: 'Anek Latin'; vertical-align: baseline;\"><span style=\"margin: 0px; padding: 0px; border: 0px; font-style: inherit; font-variant: inherit; font-weight: bold; font-size: inherit; line-height: inherit; font-family: 'Work Sans'; vertical-align: baseline;\">AFASTEEL BRASIL \u2013 Solu\u00e7\u00f5es inteligentes que constroem um futuro sustent\u00e1vel.<\/span><\/p>\n","protected":false},"excerpt":{"rendered":"<p>Mais qualidade, seguran\u00e7a e durabilidade para os espa\u00e7os urbanos. Padr\u00e3o de excel\u00eancia AFA.O Parklet AFASTEEL BRASIL \u00e9 a escolha ideal para transformar vagas de estacionamento em \u00e1reas de conviv\u00eancia modernas&#8230;<\/p>\n","protected":false},"featured_media":470,"comment_status":"open","ping_status":"closed","template":"","meta":[],"product_brand":[],"product_cat":[22,17],"product_tag":[],"class_list":{"0":"post-482","1":"product","2":"type-product","3":"status-publish","4":"has-post-thumbnail","6":"product_cat-parklets-afa","7":"product_cat-steel-frame-modular","9":"first","10":"outofstock","11":"shipping-taxable","12":"purchasable","13":"product-type-simple"},"_links":{"self":[{"href":"https:\/\/afasteel.com.br\/loja\/wp-json\/wp\/v2\/product\/482","targetHints":{"allow":["GET"]}}],"collection":[{"href":"https:\/\/afasteel.com.br\/loja\/wp-json\/wp\/v2\/product"}],"about":[{"href":"https:\/\/afasteel.com.br\/loja\/wp-json\/wp\/v2\/types\/product"}],"replies":[{"embeddable":true,"href":"https:\/\/afasteel.com.br\/loja\/wp-json\/wp\/v2\/comments?post=482"}],"wp:featuredmedia":[{"embeddable":true,"href":"https:\/\/afasteel.com.br\/loja\/wp-json\/wp\/v2\/media\/470"}],"wp:attachment":[{"href":"https:\/\/afasteel.com.br\/loja\/wp-json\/wp\/v2\/media?parent=482"}],"wp:term":[{"taxonomy":"product_brand","embeddable":true,"href":"https:\/\/afasteel.com.br\/loja\/wp-json\/wp\/v2\/product_brand?post=482"},{"taxonomy":"product_cat","embeddable":true,"href":"https:\/\/afasteel.com.br\/loja\/wp-json\/wp\/v2\/product_cat?post=482"},{"taxonomy":"product_tag","embeddable":true,"href":"https:\/\/afasteel.com.br\/loja\/wp-json\/wp\/v2\/product_tag?post=482"}],"curies":[{"name":"wp","href":"https:\/\/api.w.org\/{rel}","templated":true}]}}