{"id":683,"date":"2025-08-19T15:42:57","date_gmt":"2025-08-19T18:42:57","guid":{"rendered":"https:\/\/afasteel.com.br\/loja\/produto\/kit-estrutural-conteiner-afa-modelos18m\/"},"modified":"2026-04-08T13:47:25","modified_gmt":"2026-04-08T16:47:25","slug":"kit-estrutural-conteiner-afa-modelos18m","status":"publish","type":"product","link":"https:\/\/afasteel.com.br\/loja\/produto\/kit-estrutural-conteiner-afa-modelos18m\/","title":{"rendered":"KIT Estrutural Cont\u00eainer 18M"},"content":{"rendered":"<p><span style=\"margin: 0px;padding: 0px;border: 0px;font-style: inherit;font-variant: inherit;font-weight: bold;font-size: inherit;line-height: inherit;font-family: 'Work Sans';vertical-align: baseline\">Por que escolher a AFASTEEL BRASIL?<\/span><br \/>Garantimos padr\u00f5es rigorosos de qualidade e acabamento em todos os nossos perfis de a\u00e7o. Nosso compromisso \u00e9 com a efici\u00eancia, a seguran\u00e7a e a durabilidade das estruturas que utilizam nossos produtos. Invista em um material confi\u00e1vel e com desempenho comprovado.<\/p>\n<p>\u00a0<\/p>\n<ul data-start=\"541\" data-end=\"1005\">\n<li data-start=\"541\" data-end=\"688\">\n<p data-start=\"543\" data-end=\"688\"><strong data-start=\"543\" data-end=\"576\">Material de alta performance:<\/strong>\u00a0fabricado em a\u00e7o galvanizado revestido com zinco, garantindo durabilidade, leveza e prote\u00e7\u00e3o contra corros\u00e3o.<\/p>\n<\/li>\n<li data-start=\"689\" data-end=\"831\">\n<p data-start=\"691\" data-end=\"831\"><strong data-start=\"691\" data-end=\"716\">Seguran\u00e7a e conforto:<\/strong>\u00a0projetado com rigoroso controle de qualidade, oferece estabilidade, acessibilidade e seguran\u00e7a para os usu\u00e1rios.<\/p>\n<\/li>\n<li data-start=\"832\" data-end=\"1005\">\n<p data-start=\"834\" data-end=\"1005\"><strong data-start=\"834\" data-end=\"857\">Instala\u00e7\u00e3o pr\u00e1tica:<\/strong>\u00a0f\u00e1cil de montar e adaptar, pode ser personalizado conforme a necessidade do seu projeto, atendendo espa\u00e7os comerciais, institucionais e p\u00fablicos.<\/p>\n<\/li>\n<\/ul>\n<p>\u00a0<\/p>\n<p style=\"padding: 0px;border: 0px;font-size: 16px;line-height: inherit;font-family: 'Anek Latin';vertical-align: baseline\"><span style=\"margin: 0px;padding: 0px;border: 0px;font-style: inherit;font-variant: inherit;font-weight: bold;font-size: inherit;line-height: inherit;font-family: 'Work Sans';vertical-align: baseline\">AFASTEEL BRASIL \u2013 Solu\u00e7\u00f5es inteligentes que constroem um futuro sustent\u00e1vel.<\/span><\/p>\n","protected":false},"excerpt":{"rendered":"<p data-start=\"155\" data-end=\"539\"><strong data-start=\"155\" data-end=\"250\">Mais qualidade, seguran\u00e7a e durabilidade para os espa\u00e7os urbanos. Padr\u00e3o de excel\u00eancia AFA.<\/strong><br data-start=\"250\" data-end=\"253\" \/>O\u00a0<strong>Cont\u00eainer em Steel Frame AFASTEEL BRASIL<\/strong>\u00a0\u00e9 a solu\u00e7\u00e3o moderna e vers\u00e1til para espa\u00e7os tempor\u00e1rios ou permanentes. Produzido em a\u00e7o galvanizado de alta resist\u00eancia, garante estabilidade, durabilidade e conforto em diferentes aplica\u00e7\u00f5es, como escrit\u00f3rios, canteiros de obras, com\u00e9rcios ou habita\u00e7\u00f5es.<\/p>\n","protected":false},"featured_media":682,"comment_status":"open","ping_status":"closed","template":"","meta":[],"product_brand":[],"product_cat":[26],"product_tag":[],"class_list":{"0":"post-683","1":"product","2":"type-product","3":"status-publish","4":"has-post-thumbnail","6":"product_cat-conteineres-afa","8":"first","9":"instock","10":"shipping-taxable","11":"purchasable","12":"product-type-simple"},"_links":{"self":[{"href":"https:\/\/afasteel.com.br\/loja\/wp-json\/wp\/v2\/product\/683","targetHints":{"allow":["GET"]}}],"collection":[{"href":"https:\/\/afasteel.com.br\/loja\/wp-json\/wp\/v2\/product"}],"about":[{"href":"https:\/\/afasteel.com.br\/loja\/wp-json\/wp\/v2\/types\/product"}],"replies":[{"embeddable":true,"href":"https:\/\/afasteel.com.br\/loja\/wp-json\/wp\/v2\/comments?post=683"}],"wp:featuredmedia":[{"embeddable":true,"href":"https:\/\/afasteel.com.br\/loja\/wp-json\/wp\/v2\/media\/682"}],"wp:attachment":[{"href":"https:\/\/afasteel.com.br\/loja\/wp-json\/wp\/v2\/media?parent=683"}],"wp:term":[{"taxonomy":"product_brand","embeddable":true,"href":"https:\/\/afasteel.com.br\/loja\/wp-json\/wp\/v2\/product_brand?post=683"},{"taxonomy":"product_cat","embeddable":true,"href":"https:\/\/afasteel.com.br\/loja\/wp-json\/wp\/v2\/product_cat?post=683"},{"taxonomy":"product_tag","embeddable":true,"href":"https:\/\/afasteel.com.br\/loja\/wp-json\/wp\/v2\/product_tag?post=683"}],"curies":[{"name":"wp","href":"https:\/\/api.w.org\/{rel}","templated":true}]}}