{"id":736,"date":"2025-08-20T14:36:39","date_gmt":"2025-08-20T17:36:39","guid":{"rendered":"https:\/\/afasteel.com.br\/loja\/produto\/kit-estrutural-cobertura-de-garagem-afa-vagas1-vaga\/"},"modified":"2026-04-08T13:45:28","modified_gmt":"2026-04-08T16:45:28","slug":"kit-estrutural-cobertura-de-garagem-afa-vagas1-vaga","status":"publish","type":"product","link":"https:\/\/afasteel.com.br\/loja\/produto\/kit-estrutural-cobertura-de-garagem-afa-vagas1-vaga\/","title":{"rendered":"KIT Estrutural Cobertura de Garagem AFA Vagas: 1 Vaga"},"content":{"rendered":"<p>\u00a0<\/p>\n<p style=\"padding: 0px 0px 1.5em;border: 0px;font-size: 16px;line-height: inherit;font-family: 'Anek Latin';vertical-align: baseline\"><span style=\"margin: 0px;padding: 0px;border: 0px;font-style: inherit;font-variant: inherit;font-weight: bold;font-size: inherit;line-height: inherit;font-family: 'Work Sans';vertical-align: baseline\">Por que escolher a AFASTEEL BRASIL?<\/span><br \/>Garantimos padr\u00f5es rigorosos de qualidade e acabamento em todos os nossos perfis de a\u00e7o. Nosso compromisso \u00e9 com a efici\u00eancia, a seguran\u00e7a e a durabilidade das estruturas que utilizam nossos produtos. Invista em um material confi\u00e1vel e com desempenho comprovado.<\/p>\n<p style=\"padding: 0px;border: 0px;font-size: 16px;line-height: inherit;font-family: 'Anek Latin';vertical-align: baseline\"><span style=\"margin: 0px;padding: 0px;border: 0px;font-style: inherit;font-variant: inherit;font-weight: bold;font-size: inherit;line-height: inherit;font-family: 'Work Sans';vertical-align: baseline\">AFASTEEL BRASIL \u2013 Solu\u00e7\u00f5es inteligentes que constroem um futuro sustent\u00e1vel.<\/span><\/p>\n","protected":false},"excerpt":{"rendered":"<p data-start=\"112\" data-end=\"541\"><strong data-start=\"112\" data-end=\"200\">Mais qualidade, seguran\u00e7a e durabilidade para sua garagem. Padr\u00e3o de excel\u00eancia AFA.<\/strong><br data-start=\"200\" data-end=\"203\" \/>O\u00a0<strong data-start=\"205\" data-end=\"263\">Kit Estrutural de Cobertura de Garagem AFASTEEL BRASIL<\/strong>\u00a0\u00e9 fabricado em a\u00e7o galvanizado de alta performance, unindo resist\u00eancia, design moderno e praticidade. Projetado para abrigar\u00a0<strong data-start=\"389\" data-end=\"399\">1 vaga<\/strong>, sua estrutura j\u00e1 conta com\u00a0<strong data-start=\"428\" data-end=\"479\">capacidade para suporte de at\u00e9 6 placas solares<\/strong>, oferecendo economia e sustentabilidade para o seu projeto.<\/p>\n<p>\u00a0<\/p>\n<ul data-start=\"543\" data-end=\"979\">\n<li data-start=\"543\" data-end=\"681\">\n<p data-start=\"545\" data-end=\"681\"><strong data-start=\"545\" data-end=\"578\">Material de alta performance:<\/strong>\u00a0a\u00e7o galvanizado com revestimento em zinco, garantindo maior durabilidade e prote\u00e7\u00e3o contra corros\u00e3o.<\/p>\n<\/li>\n<li data-start=\"682\" data-end=\"769\">\n<p data-start=\"684\" data-end=\"769\"><strong data-start=\"684\" data-end=\"702\">Fun\u00e7\u00e3o 2 em 1:<\/strong>\u00a0cobertura de garagem com estrutura preparada para energia solar.<\/p>\n<\/li>\n<li data-start=\"770\" data-end=\"875\">\n<p data-start=\"772\" data-end=\"875\"><strong data-start=\"772\" data-end=\"803\">Seguran\u00e7a e confiabilidade:<\/strong>\u00a0projetado com rigoroso controle de qualidade para m\u00e1xima resist\u00eancia.<\/p>\n<\/li>\n<li data-start=\"876\" data-end=\"979\">\n<p data-start=\"878\" data-end=\"979\"><strong data-start=\"878\" data-end=\"901\">Instala\u00e7\u00e3o pr\u00e1tica:<\/strong>\u00a0f\u00e1cil de montar, se adapta a diferentes projetos residenciais e comerciais.<\/p>\n<\/li>\n<\/ul>\n","protected":false},"featured_media":1141,"comment_status":"open","ping_status":"closed","template":"","meta":[],"product_brand":[],"product_cat":[25],"product_tag":[],"class_list":{"0":"post-736","1":"product","2":"type-product","3":"status-publish","4":"has-post-thumbnail","6":"product_cat-coberturas-de-garagem","8":"first","9":"instock","10":"shipping-taxable","11":"purchasable","12":"product-type-simple"},"_links":{"self":[{"href":"https:\/\/afasteel.com.br\/loja\/wp-json\/wp\/v2\/product\/736","targetHints":{"allow":["GET"]}}],"collection":[{"href":"https:\/\/afasteel.com.br\/loja\/wp-json\/wp\/v2\/product"}],"about":[{"href":"https:\/\/afasteel.com.br\/loja\/wp-json\/wp\/v2\/types\/product"}],"replies":[{"embeddable":true,"href":"https:\/\/afasteel.com.br\/loja\/wp-json\/wp\/v2\/comments?post=736"}],"wp:featuredmedia":[{"embeddable":true,"href":"https:\/\/afasteel.com.br\/loja\/wp-json\/wp\/v2\/media\/1141"}],"wp:attachment":[{"href":"https:\/\/afasteel.com.br\/loja\/wp-json\/wp\/v2\/media?parent=736"}],"wp:term":[{"taxonomy":"product_brand","embeddable":true,"href":"https:\/\/afasteel.com.br\/loja\/wp-json\/wp\/v2\/product_brand?post=736"},{"taxonomy":"product_cat","embeddable":true,"href":"https:\/\/afasteel.com.br\/loja\/wp-json\/wp\/v2\/product_cat?post=736"},{"taxonomy":"product_tag","embeddable":true,"href":"https:\/\/afasteel.com.br\/loja\/wp-json\/wp\/v2\/product_tag?post=736"}],"curies":[{"name":"wp","href":"https:\/\/api.w.org\/{rel}","templated":true}]}}